{"id":10,"date":"2025-08-11T17:38:03","date_gmt":"2025-08-11T17:38:03","guid":{"rendered":"http:\/\/institr.cluster021.hosting.ovh.net\/?page_id=10"},"modified":"2025-08-18T18:07:58","modified_gmt":"2025-08-18T18:07:58","slug":"massages","status":"publish","type":"page","link":"https:\/\/institutcleopatre.fr\/index.php\/massages\/","title":{"rendered":"Nos Massages"},"content":{"rendered":"\n<div class=\"wp-block-group is-layout-constrained wp-block-group-is-layout-constrained\">\n<p class=\"has-luminous-vivid-orange-color has-text-color has-link-color wp-elements-da4759afa27231aef84ab48adccebfbf\"><strong>Rituels Bien-\u00catre<\/strong><br>Offrez-vous un moment d\u2019exception o\u00f9 chaleur, douceur et senteurs orientales se m\u00ealent pour sublimer vos sens.<br>Nos rituels associent les bienfaits du hammam \u00e0 des soins traditionnels tels que le gommage au savon noir, l\u2019enveloppement d\u2019argile ou de rhassoul, et des massages relaxants ou anti-stress.<br>Chaque soin est pens\u00e9 pour purifier la peau, lib\u00e9rer les tensions et apaiser l\u2019esprit.<\/p>\n\n\n\n<p class=\"has-luminous-vivid-orange-color has-text-color has-link-color wp-elements-5add9acfc91f4906ea047f7bcc77f664\"><strong>Soins du Hammam<\/strong><br>Profitez d\u2019un hammam aux huiles essentielles ou enrichi de soins compl\u00e9mentaires : gommage au gant exfoliant, gommage gourmand aux grains de sucre parfum\u00e9s au miel, au lotus-gingembre ou \u00e0 la fleur d\u2019oranger, enveloppement \u00e0 l\u2019argile\u2026<br>Un v\u00e9ritable voyage sensoriel, dans un d\u00e9cor inspir\u00e9 de la pure tradition orientale.<\/p>\n\n\n\n<p class=\"has-luminous-vivid-orange-color has-text-color has-link-color wp-elements-7253c4ca733c8e94b20cac20a9c19331\"><strong>Massages &amp; Soins Sp\u00e9cifiques<\/strong><br>D\u00e9tendez-vous entre les mains expertes de nos praticiennes gr\u00e2ce \u00e0 nos massages relaxants ou anti-stress, pour un l\u00e2cher-prise complet.<br>Nous proposons \u00e9galement des soins cibl\u00e9s comme la cryo-argile pour soulager les douleurs musculaires et articulaires, ou encore un masque visage purifiant \u00e0 l\u2019argile.<\/p>\n\n\n\n<figure class=\"wp-block-image size-large\"><img loading=\"lazy\" decoding=\"async\" width=\"1024\" height=\"683\" src=\"https:\/\/institutcleopatre.fr\/wp-content\/uploads\/2025\/08\/vue-laterale-femme-se-faire-masser-au-spa-1024x683.jpg\" alt=\"massage des jambes\" class=\"wp-image-57\" srcset=\"https:\/\/institutcleopatre.fr\/wp-content\/uploads\/2025\/08\/vue-laterale-femme-se-faire-masser-au-spa-1024x683.jpg 1024w, https:\/\/institutcleopatre.fr\/wp-content\/uploads\/2025\/08\/vue-laterale-femme-se-faire-masser-au-spa-300x200.jpg 300w, https:\/\/institutcleopatre.fr\/wp-content\/uploads\/2025\/08\/vue-laterale-femme-se-faire-masser-au-spa-768x512.jpg 768w, https:\/\/institutcleopatre.fr\/wp-content\/uploads\/2025\/08\/vue-laterale-femme-se-faire-masser-au-spa-1536x1024.jpg 1536w, https:\/\/institutcleopatre.fr\/wp-content\/uploads\/2025\/08\/vue-laterale-femme-se-faire-masser-au-spa-2048x1365.jpg 2048w\" sizes=\"auto, (max-width: 1024px) 100vw, 1024px\" \/><\/figure>\n<\/div>\n","protected":false},"excerpt":{"rendered":"<p>Rituels Bien-\u00catreOffrez-vous un moment d\u2019exception o\u00f9 chaleur, douceur et senteurs orientales se m\u00ealent pour sublimer vos sens.Nos rituels associent les bienfaits du hammam \u00e0 des soins traditionnels tels que le gommage au savon noir, l\u2019enveloppement d\u2019argile ou de rhassoul, et des massages relaxants ou anti-stress.Chaque soin est pens\u00e9 pour purifier la peau, lib\u00e9rer les tensions [&hellip;]<\/p>\n","protected":false},"author":1,"featured_media":7,"parent":0,"menu_order":0,"comment_status":"closed","ping_status":"closed","template":"","meta":{"_seopress_robots_primary_cat":"","_seopress_titles_title":"","_seopress_titles_desc":"","_seopress_robots_index":"","footnotes":""},"class_list":["post-10","page","type-page","status-publish","has-post-thumbnail","hentry"],"_links":{"self":[{"href":"https:\/\/institutcleopatre.fr\/index.php\/wp-json\/wp\/v2\/pages\/10","targetHints":{"allow":["GET"]}}],"collection":[{"href":"https:\/\/institutcleopatre.fr\/index.php\/wp-json\/wp\/v2\/pages"}],"about":[{"href":"https:\/\/institutcleopatre.fr\/index.php\/wp-json\/wp\/v2\/types\/page"}],"author":[{"embeddable":true,"href":"https:\/\/institutcleopatre.fr\/index.php\/wp-json\/wp\/v2\/users\/1"}],"replies":[{"embeddable":true,"href":"https:\/\/institutcleopatre.fr\/index.php\/wp-json\/wp\/v2\/comments?post=10"}],"version-history":[{"count":4,"href":"https:\/\/institutcleopatre.fr\/index.php\/wp-json\/wp\/v2\/pages\/10\/revisions"}],"predecessor-version":[{"id":136,"href":"https:\/\/institutcleopatre.fr\/index.php\/wp-json\/wp\/v2\/pages\/10\/revisions\/136"}],"wp:featuredmedia":[{"embeddable":true,"href":"https:\/\/institutcleopatre.fr\/index.php\/wp-json\/wp\/v2\/media\/7"}],"wp:attachment":[{"href":"https:\/\/institutcleopatre.fr\/index.php\/wp-json\/wp\/v2\/media?parent=10"}],"curies":[{"name":"wp","href":"https:\/\/api.w.org\/{rel}","templated":true}]}}