{"id":11,"date":"2025-08-11T17:39:17","date_gmt":"2025-08-11T17:39:17","guid":{"rendered":"http:\/\/institr.cluster021.hosting.ovh.net\/?page_id=11"},"modified":"2025-08-18T17:38:21","modified_gmt":"2025-08-18T17:38:21","slug":"custom-page-3","status":"publish","type":"page","link":"https:\/\/institutcleopatre.fr\/index.php\/custom-page-3\/","title":{"rendered":"Notre Hammam Oriental"},"content":{"rendered":"\n<h5 class=\"wp-block-heading has-luminous-vivid-orange-color has-text-color has-link-color wp-elements-4f6a612433c2580702301d7f06b0bc8f\"><strong>Hammam Oriental \u2013 Tradition &amp; D\u00e9tente<\/strong><br><strong>Entrez dans un cocon de chaleur et de s\u00e9r\u00e9nit\u00e9, au c\u0153ur d\u2019un d\u00e9cor raffin\u00e9 inspir\u00e9 de la plus pure tradition orientale.<\/strong><br><strong>Notre hammam, privatisable jusqu\u2019\u00e0 4 personnes, vous offre un moment d\u2019\u00e9vasion unique : vapeur douce, parfums envo\u00fbtants et ambiance apaisante pour purifier le corps et lib\u00e9rer l\u2019esprit.<\/strong><\/h5>\n\n\n\n<h5 class=\"wp-block-heading has-luminous-vivid-orange-color has-text-color has-link-color wp-elements-af7aeed655f20a441f919111ebe77df5\"><strong>Un voyage sensoriel\u2026 sans quitter la ville.<\/strong><\/h5>\n\n\n\n<figure class=\"wp-block-video alignwide\"><video height=\"480\" style=\"aspect-ratio: 848 \/ 480;\" width=\"848\" autoplay controls loop muted src=\"https:\/\/institutcleopatre.fr\/wp-content\/uploads\/2025\/08\/WhatsApp-Video-2025-02-24-a-19.57.13_34c2f67d.mp4\"><\/video><\/figure>\n\n\n<div class=\"is-default-size wp-block-site-logo\"><a href=\"https:\/\/institutcleopatre.fr\/\" class=\"custom-logo-link\" rel=\"home\"><img loading=\"lazy\" decoding=\"async\" width=\"512\" height=\"341\" src=\"https:\/\/institutcleopatre.fr\/wp-content\/uploads\/2025\/08\/cropped-cropped-logo-Cleopatre-512x512-1.png\" class=\"custom-logo\" alt=\"Votre institut de beaut\u00e9 \u00e0 Vernon.\" srcset=\"https:\/\/institutcleopatre.fr\/wp-content\/uploads\/2025\/08\/cropped-cropped-logo-Cleopatre-512x512-1.png 512w, https:\/\/institutcleopatre.fr\/wp-content\/uploads\/2025\/08\/cropped-cropped-logo-Cleopatre-512x512-1-300x200.png 300w\" sizes=\"auto, (max-width: 512px) 100vw, 512px\" \/><\/a><\/div>\n\n\n\n<nav class=\"is-responsive wp-block-navigation is-layout-flex wp-block-navigation-is-layout-flex\" aria-label=\"Navigation\" \n\t\t data-wp-interactive=\"core\/navigation\" data-wp-context='{\"overlayOpenedBy\":{\"click\":false,\"hover\":false,\"focus\":false},\"type\":\"overlay\",\"roleAttribute\":\"\",\"ariaLabel\":\"Menu\"}'><button aria-haspopup=\"dialog\" aria-label=\"Ouvrir le menu\" class=\"wp-block-navigation__responsive-container-open\" \n\t\t\t\tdata-wp-on--click=\"actions.openMenuOnClick\"\n\t\t\t\tdata-wp-on--keydown=\"actions.handleMenuKeydown\"\n\t\t\t><svg width=\"24\" height=\"24\" xmlns=\"http:\/\/www.w3.org\/2000\/svg\" viewBox=\"0 0 24 24\" aria-hidden=\"true\" focusable=\"false\"><path d=\"M4 7.5h16v1.5H4z\"><\/path><path d=\"M4 15h16v1.5H4z\"><\/path><\/svg><\/button>\n\t\t\t\t<div class=\"wp-block-navigation__responsive-container\"  id=\"modal-1\" \n\t\t\t\tdata-wp-class--has-modal-open=\"state.isMenuOpen\"\n\t\t\t\tdata-wp-class--is-menu-open=\"state.isMenuOpen\"\n\t\t\t\tdata-wp-watch=\"callbacks.initMenu\"\n\t\t\t\tdata-wp-on--keydown=\"actions.handleMenuKeydown\"\n\t\t\t\tdata-wp-on--focusout=\"actions.handleMenuFocusout\"\n\t\t\t\ttabindex=\"-1\"\n\t\t\t>\n\t\t\t\t\t<div class=\"wp-block-navigation__responsive-close\" tabindex=\"-1\">\n\t\t\t\t\t\t<div class=\"wp-block-navigation__responsive-dialog\" \n\t\t\t\tdata-wp-bind--aria-modal=\"state.ariaModal\"\n\t\t\t\tdata-wp-bind--aria-label=\"state.ariaLabel\"\n\t\t\t\tdata-wp-bind--role=\"state.roleAttribute\"\n\t\t\t>\n\t\t\t\t\t\t\t<button aria-label=\"Fermer le menu\" class=\"wp-block-navigation__responsive-container-close\" \n\t\t\t\tdata-wp-on--click=\"actions.closeMenuOnClick\"\n\t\t\t><svg xmlns=\"http:\/\/www.w3.org\/2000\/svg\" viewBox=\"0 0 24 24\" width=\"24\" height=\"24\" aria-hidden=\"true\" focusable=\"false\"><path d=\"m13.06 12 6.47-6.47-1.06-1.06L12 10.94 5.53 4.47 4.47 5.53 10.94 12l-6.47 6.47 1.06 1.06L12 13.06l6.47 6.47 1.06-1.06L13.06 12Z\"><\/path><\/svg><\/button>\n\t\t\t\t\t\t\t<div class=\"wp-block-navigation__responsive-container-content\" \n\t\t\t\tdata-wp-watch=\"callbacks.focusFirstElement\"\n\t\t\t id=\"modal-1-content\">\n\t\t\t\t\t\t\t\t<ul class=\"wp-block-navigation__container is-responsive wp-block-navigation\"><ul class=\"wp-block-page-list\"><li class=\"wp-block-pages-list__item wp-block-navigation-item open-on-hover-click\"><a class=\"wp-block-pages-list__item__link wp-block-navigation-item__content\" href=\"https:\/\/institutcleopatre.fr\/index.php\/176-2\/\">Avis<\/a><\/li><li class=\"wp-block-pages-list__item wp-block-navigation-item open-on-hover-click\"><a class=\"wp-block-pages-list__item__link wp-block-navigation-item__content\" href=\"https:\/\/institutcleopatre.fr\/index.php\/contact-2\/\">Contact<\/a><\/li><li class=\"wp-block-pages-list__item wp-block-navigation-item open-on-hover-click\"><a class=\"wp-block-pages-list__item__link wp-block-navigation-item__content\" href=\"https:\/\/institutcleopatre.fr\/index.php\/politique-de-confidentialite\/\">Mentions L\u00e9gales<\/a><\/li><li class=\"wp-block-pages-list__item wp-block-navigation-item open-on-hover-click\"><a class=\"wp-block-pages-list__item__link wp-block-navigation-item__content\" href=\"https:\/\/institutcleopatre.fr\/index.php\/massages\/\">Nos Massages<\/a><\/li><li class=\"wp-block-pages-list__item wp-block-navigation-item open-on-hover-click\"><a class=\"wp-block-pages-list__item__link wp-block-navigation-item__content\" href=\"https:\/\/institutcleopatre.fr\/index.php\/nos-tarifs\/\">Nos tarifs<\/a><\/li><li class=\"wp-block-pages-list__item wp-block-navigation-item open-on-hover-click\"><a class=\"wp-block-pages-list__item__link wp-block-navigation-item__content\" href=\"https:\/\/institutcleopatre.fr\/index.php\/custom-page-3\/\">Notre Hammam Oriental<\/a><\/li><li class=\"wp-block-pages-list__item wp-block-navigation-item open-on-hover-click\"><a class=\"wp-block-pages-list__item__link wp-block-navigation-item__content\" href=\"https:\/\/institutcleopatre.fr\/index.php\/sample-page\/\">Soins du corps<\/a><\/li><\/ul><\/ul>\n\t\t\t\t\t\t\t<\/div>\n\t\t\t\t\t\t<\/div>\n\t\t\t\t\t<\/div>\n\t\t\t\t<\/div><\/nav>","protected":false},"excerpt":{"rendered":"<p>Hammam Oriental \u2013 Tradition &amp; D\u00e9tenteEntrez dans un cocon de chaleur et de s\u00e9r\u00e9nit\u00e9, au c\u0153ur d\u2019un d\u00e9cor raffin\u00e9 inspir\u00e9 de la plus pure tradition orientale.Notre hammam, privatisable jusqu\u2019\u00e0 4 personnes, vous offre un moment d\u2019\u00e9vasion unique : vapeur douce, parfums envo\u00fbtants et ambiance apaisante pour purifier le corps et lib\u00e9rer l\u2019esprit. Un voyage sensoriel\u2026 [&hellip;]<\/p>\n","protected":false},"author":1,"featured_media":48,"parent":0,"menu_order":0,"comment_status":"closed","ping_status":"closed","template":"","meta":{"_seopress_robots_primary_cat":"","_seopress_titles_title":"","_seopress_titles_desc":"","_seopress_robots_index":"","footnotes":""},"class_list":["post-11","page","type-page","status-publish","has-post-thumbnail","hentry"],"_links":{"self":[{"href":"https:\/\/institutcleopatre.fr\/index.php\/wp-json\/wp\/v2\/pages\/11","targetHints":{"allow":["GET"]}}],"collection":[{"href":"https:\/\/institutcleopatre.fr\/index.php\/wp-json\/wp\/v2\/pages"}],"about":[{"href":"https:\/\/institutcleopatre.fr\/index.php\/wp-json\/wp\/v2\/types\/page"}],"author":[{"embeddable":true,"href":"https:\/\/institutcleopatre.fr\/index.php\/wp-json\/wp\/v2\/users\/1"}],"replies":[{"embeddable":true,"href":"https:\/\/institutcleopatre.fr\/index.php\/wp-json\/wp\/v2\/comments?post=11"}],"version-history":[{"count":9,"href":"https:\/\/institutcleopatre.fr\/index.php\/wp-json\/wp\/v2\/pages\/11\/revisions"}],"predecessor-version":[{"id":129,"href":"https:\/\/institutcleopatre.fr\/index.php\/wp-json\/wp\/v2\/pages\/11\/revisions\/129"}],"wp:featuredmedia":[{"embeddable":true,"href":"https:\/\/institutcleopatre.fr\/index.php\/wp-json\/wp\/v2\/media\/48"}],"wp:attachment":[{"href":"https:\/\/institutcleopatre.fr\/index.php\/wp-json\/wp\/v2\/media?parent=11"}],"curies":[{"name":"wp","href":"https:\/\/api.w.org\/{rel}","templated":true}]}}