{"id":2,"date":"2025-08-11T09:47:44","date_gmt":"2025-08-11T09:47:44","guid":{"rendered":"http:\/\/institr.cluster021.hosting.ovh.net\/?page_id=2"},"modified":"2025-08-19T10:17:30","modified_gmt":"2025-08-19T10:17:30","slug":"sample-page","status":"publish","type":"page","link":"https:\/\/institutcleopatre.fr\/index.php\/sample-page\/","title":{"rendered":"Soins du corps"},"content":{"rendered":"\n<p class=\"has-luminous-vivid-orange-color has-text-color has-link-color wp-elements-58d7e04ae40b75868f6d7bfd4ec40f4f\"><strong>Soins du Corps &amp; Mise en Beaut\u00e9<\/strong><\/p>\n\n\n\n<div class=\"wp-block-group is-layout-constrained wp-block-group-is-layout-constrained\">\n<p class=\"has-luminous-vivid-orange-color has-text-color has-link-color wp-elements-bbb97e111240788bf3d1a6a6a753bd21\">Offrez \u00e0 votre corps toute l\u2019attention qu\u2019il m\u00e9rite avec notre gamme compl\u00e8te de soins esth\u00e9tiques.<br>Nous vous proposons des <strong>\u00e9pilations pr\u00e9cises et soign\u00e9es<\/strong>, adapt\u00e9es \u00e0 vos besoins : visage, maillot, jambes, bras\u2026 Chaque geste est r\u00e9alis\u00e9 avec douceur pour un r\u00e9sultat net et durable.<\/p>\n\n\n\n<p><mark style=\"background-color:rgba(0, 0, 0, 0)\" class=\"has-inline-color has-luminous-vivid-orange-color\"><strong>Nos soins du visage s&rsquo;adaptent \u00e0 tous les types de peaux avec la gamme La Roche Posay<\/strong>.<\/mark><\/p>\n\n\n\n<p class=\"has-luminous-vivid-orange-color has-text-color has-link-color wp-elements-410c0bb1b6dcf7766f2ecda57216669b\">Pour vos mains et vos pieds, laissez-vous tenter par nos <strong>manucures et p\u00e9dicures<\/strong>. Qu\u2019il s\u2019agisse d\u2019une mise en beaut\u00e9 express ou d\u2019un soin complet avec hydratation en profondeur, nous sublimons vos ongles avec un vernis classique ou semi-permanent, pour des mains et des pieds impeccables en toute occasion.<\/p>\n\n\n\n<p class=\"has-luminous-vivid-orange-color has-text-color has-link-color wp-elements-b354fff32e2c18c57acdc3316db4671a\">Chez nous, chaque prestation est pens\u00e9e comme un moment de bien-\u00eatre et de confiance en soi.<\/p>\n<\/div>\n\n\n\n<figure class=\"wp-block-image size-large\"><img alt=\"\" loading=\"lazy\" decoding=\"async\" width=\"1024\" height=\"681\" src=\"https:\/\/institutcleopatre.fr\/wp-content\/uploads\/2025\/08\/angle-eleve-de-femme-clinicien-faisant-un-traitement-des-sourcils-pour-une-cliente-1024x681.jpg\" alt=\"\" class=\"wp-image-127\" srcset=\"https:\/\/institutcleopatre.fr\/wp-content\/uploads\/2025\/08\/angle-eleve-de-femme-clinicien-faisant-un-traitement-des-sourcils-pour-une-cliente-1024x681.jpg 1024w, https:\/\/institutcleopatre.fr\/wp-content\/uploads\/2025\/08\/angle-eleve-de-femme-clinicien-faisant-un-traitement-des-sourcils-pour-une-cliente-300x200.jpg 300w, https:\/\/institutcleopatre.fr\/wp-content\/uploads\/2025\/08\/angle-eleve-de-femme-clinicien-faisant-un-traitement-des-sourcils-pour-une-cliente-768x511.jpg 768w, https:\/\/institutcleopatre.fr\/wp-content\/uploads\/2025\/08\/angle-eleve-de-femme-clinicien-faisant-un-traitement-des-sourcils-pour-une-cliente-1536x1022.jpg 1536w, https:\/\/institutcleopatre.fr\/wp-content\/uploads\/2025\/08\/angle-eleve-de-femme-clinicien-faisant-un-traitement-des-sourcils-pour-une-cliente-2048x1363.jpg 2048w\" sizes=\"auto, (max-width: 1024px) 100vw, 1024px\" \/><\/figure>\n","protected":false},"excerpt":{"rendered":"<p>Soins du Corps &amp; Mise en Beaut\u00e9 Offrez \u00e0 votre corps toute l\u2019attention qu\u2019il m\u00e9rite avec notre gamme compl\u00e8te de soins esth\u00e9tiques.Nous vous proposons des \u00e9pilations pr\u00e9cises et soign\u00e9es, adapt\u00e9es \u00e0 vos besoins : visage, maillot, jambes, bras\u2026 Chaque geste est r\u00e9alis\u00e9 avec douceur pour un r\u00e9sultat net et durable. Nos soins du visage s&rsquo;adaptent [&hellip;]<\/p>\n","protected":false},"author":1,"featured_media":139,"parent":0,"menu_order":0,"comment_status":"closed","ping_status":"open","template":"","meta":{"_seopress_robots_primary_cat":"","_seopress_titles_title":"","_seopress_titles_desc":"","_seopress_robots_index":"","footnotes":""},"class_list":["post-2","page","type-page","status-publish","has-post-thumbnail","hentry"],"_links":{"self":[{"href":"https:\/\/institutcleopatre.fr\/index.php\/wp-json\/wp\/v2\/pages\/2","targetHints":{"allow":["GET"]}}],"collection":[{"href":"https:\/\/institutcleopatre.fr\/index.php\/wp-json\/wp\/v2\/pages"}],"about":[{"href":"https:\/\/institutcleopatre.fr\/index.php\/wp-json\/wp\/v2\/types\/page"}],"author":[{"embeddable":true,"href":"https:\/\/institutcleopatre.fr\/index.php\/wp-json\/wp\/v2\/users\/1"}],"replies":[{"embeddable":true,"href":"https:\/\/institutcleopatre.fr\/index.php\/wp-json\/wp\/v2\/comments?post=2"}],"version-history":[{"count":7,"href":"https:\/\/institutcleopatre.fr\/index.php\/wp-json\/wp\/v2\/pages\/2\/revisions"}],"predecessor-version":[{"id":144,"href":"https:\/\/institutcleopatre.fr\/index.php\/wp-json\/wp\/v2\/pages\/2\/revisions\/144"}],"wp:featuredmedia":[{"embeddable":true,"href":"https:\/\/institutcleopatre.fr\/index.php\/wp-json\/wp\/v2\/media\/139"}],"wp:attachment":[{"href":"https:\/\/institutcleopatre.fr\/index.php\/wp-json\/wp\/v2\/media?parent=2"}],"curies":[{"name":"wp","href":"https:\/\/api.w.org\/{rel}","templated":true}]}}