{"id":71,"date":"2025-08-14T15:19:15","date_gmt":"2025-08-14T15:19:15","guid":{"rendered":"https:\/\/institutcleopatre.fr\/?page_id=71"},"modified":"2025-08-14T15:21:28","modified_gmt":"2025-08-14T15:21:28","slug":"politique-de-confidentialite","status":"publish","type":"page","link":"https:\/\/institutcleopatre.fr\/index.php\/politique-de-confidentialite\/","title":{"rendered":"Mentions L\u00e9gales"},"content":{"rendered":"\n<h2 class=\"wp-block-heading\">Qui sommes-nous&nbsp;?<\/h2>\n\n\n\n<p>L\u2019adresse de notre site est&nbsp;: https:\/\/institutcleopatre.fr.<\/p>\n\n\n\n<p><strong>Conform\u00e9ment aux dispositions des articles 6-III et 19 de la Loi n\u00b0 2004-575 du 21 juin 2004 pour la Confiance dans l&rsquo;\u00c9conomie Num\u00e9rique (LCEN)<\/strong>, il est pr\u00e9cis\u00e9 aux utilisateurs du site les informations suivantes :<\/p>\n\n\n\n<h3 class=\"wp-block-heading\">1. \u00c9diteur du site<\/h3>\n\n\n\n<p><strong>Institut Cl\u00e9op\u00e2tre<\/strong><br>Statut : Affaire personnelle commer\u00e7ant<br>SIREN : 935 295 360<br>RCS : \u00c9vreux \u2013 935 295 360 00017<br>Adresse : 5 rue des Tanneurs, 27200 Vernon, France<br>T\u00e9l\u00e9phone : 0745353736<\/p>\n\n\n\n<p>Mail : institutcleopatre.27@yahoo.com<\/p>\n\n\n\n<h3 class=\"wp-block-heading\">2. Responsable de la publication<\/h3>\n\n\n\n<p><strong>Well&rsquo;Com Pub<\/strong><br>T\u00e9l\u00e9phone : 06 01 19 63 97<br>Email : <a>wellcompub@gmail.com<\/a><\/p>\n\n\n\n<h3 class=\"wp-block-heading\">3. H\u00e9bergeur<\/h3>\n\n\n\n<p><strong>OVH<\/strong><br>SAS au capital de 10 174 560 \u20ac<br>RCS Lille M\u00e9tropole 424 761 419 00045<br>Code APE : 2620Z<br>N\u00b0 TVA : FR 22 424 761 419<br>Si\u00e8ge social : 2 rue Kellermann \u2013 59100 Roubaix \u2013 France<br>T\u00e9l\u00e9phone : 1007 (gratuit depuis un poste fixe en France)<\/p>\n\n\n\n<h3 class=\"wp-block-heading\">4. Propri\u00e9t\u00e9 intellectuelle<\/h3>\n\n\n\n<p>L\u2019ensemble du contenu de ce site (textes, images, graphismes, logo, ic\u00f4nes, etc.) est la propri\u00e9t\u00e9 exclusive de l\u2019Institut Cl\u00e9op\u00e2tre, sauf mentions contraires.<br>Toute reproduction, repr\u00e9sentation, modification, publication, adaptation, totale ou partielle, de tout \u00e9l\u00e9ment du site est interdite sans accord \u00e9crit pr\u00e9alable.<\/p>\n\n\n\n<h3 class=\"wp-block-heading\">5. Donn\u00e9es personnelles<\/h3>\n\n\n\n<p>Le site ne collecte pas de donn\u00e9es personnelles autres que celles communiqu\u00e9es volontairement via le formulaire de contact.<br>Ces informations sont utilis\u00e9es uniquement pour r\u00e9pondre aux demandes et ne sont conserv\u00e9es que le temps n\u00e9cessaire au traitement.<br>Conform\u00e9ment au R\u00e8glement G\u00e9n\u00e9ral sur la Protection des Donn\u00e9es (RGPD), vous disposez d\u2019un droit d\u2019acc\u00e8s, de rectification, d\u2019opposition et de suppression de vos donn\u00e9es, que vous pouvez exercer en \u00e9crivant \u00e0 : <strong><a>wellcompub@gmail.com<\/a><\/strong>.<\/p>\n\n\n\n<h3 class=\"wp-block-heading\">6. Cookies<\/h3>\n\n\n\n<p>Ce site ne recourt pas \u00e0 Google Analytics et n\u2019utilise pas de cookies \u00e0 des fins statistiques ou publicitaires.<\/p>\n\n\n\n<h3 class=\"wp-block-heading\">7. Limitation de responsabilit\u00e9<\/h3>\n\n\n\n<p>L\u2019Institut Cl\u00e9op\u00e2tre ne saurait \u00eatre tenue pour responsable des erreurs rencontr\u00e9es sur le site, de probl\u00e8mes techniques, d\u2019interpr\u00e9tation des informations publi\u00e9es et des cons\u00e9quences de leur utilisation.<\/p>\n\n\n\n<h2 class=\"wp-block-heading\">Commentaires<\/h2>\n\n\n\n<p>Quand vous laissez un commentaire sur notre site, les donn\u00e9es inscrites dans le formulaire de commentaire, ainsi que votre adresse IP et l\u2019agent utilisateur de votre navigateur sont collect\u00e9s pour nous aider \u00e0 la d\u00e9tection des commentaires ind\u00e9sirables.<\/p>\n\n\n\n<p>Une cha\u00eene anonymis\u00e9e cr\u00e9\u00e9e \u00e0 partir de votre adresse e-mail (\u00e9galement appel\u00e9e hash) peut \u00eatre envoy\u00e9e au service Gravatar pour v\u00e9rifier si vous utilisez ce dernier. Les clauses de confidentialit\u00e9 du service Gravatar sont disponibles ici&nbsp;: https:\/\/automattic.com\/privacy\/. Apr\u00e8s validation de votre commentaire, votre photo de profil sera visible publiquement \u00e0 cot\u00e9 de votre commentaire.<\/p>\n\n\n\n<h2 class=\"wp-block-heading\">Cookies<\/h2>\n\n\n\n<p><strong class=\"privacy-policy-tutorial\">Texte sugg\u00e9r\u00e9&nbsp;: <\/strong>Si vous d\u00e9posez un commentaire sur notre site, il vous sera propos\u00e9 d\u2019enregistrer votre nom, adresse e-mail et site dans des cookies. C\u2019est uniquement pour votre confort afin de ne pas avoir \u00e0 saisir ces informations si vous d\u00e9posez un autre commentaire plus tard. Ces cookies expirent au bout d\u2019un an.<\/p>\n\n\n\n<p>Si vous vous rendez sur la page de connexion, un cookie temporaire sera cr\u00e9\u00e9 afin de d\u00e9terminer si votre navigateur accepte les cookies. Il ne contient pas de donn\u00e9es personnelles et sera supprim\u00e9 automatiquement \u00e0 la fermeture de votre navigateur.<\/p>\n\n\n\n<p>Lorsque vous vous connecterez, nous mettrons en place un certain nombre de cookies pour enregistrer vos informations de connexion et vos pr\u00e9f\u00e9rences d\u2019\u00e9cran. La dur\u00e9e de vie d\u2019un cookie de connexion est de deux jours, celle d\u2019un cookie d\u2019option d\u2019\u00e9cran est d\u2019un an. Si vous cochez \u00ab&nbsp;Se souvenir de moi&nbsp;\u00bb, votre cookie de connexion sera conserv\u00e9 pendant deux semaines. Si vous vous d\u00e9connectez de votre compte, le cookie de connexion sera effac\u00e9.<\/p>\n\n\n\n<p>En modifiant ou en publiant une publication, un cookie suppl\u00e9mentaire sera enregistr\u00e9 dans votre navigateur. Ce cookie ne comprend aucune donn\u00e9e personnelle. Il indique simplement l\u2019ID de la publication que vous venez de modifier. Il expire au bout d\u2019un jour.<\/p>\n\n\n\n<h2 class=\"wp-block-heading\">Contenu embarqu\u00e9 depuis d\u2019autres sites<\/h2>\n\n\n\n<p><strong class=\"privacy-policy-tutorial\"> <\/strong>Les articles de ce site peuvent inclure des contenus int\u00e9gr\u00e9s (par exemple des vid\u00e9os, images, articles\u2026). Le contenu int\u00e9gr\u00e9 depuis d\u2019autres sites se comporte de la m\u00eame mani\u00e8re que si le visiteur se rendait sur cet autre site.<\/p>\n\n\n\n<p>Ces sites web pourraient collecter des donn\u00e9es sur vous, utiliser des cookies, embarquer des outils de suivis tiers, suivre vos interactions avec ces contenus embarqu\u00e9s si vous disposez d\u2019un compte connect\u00e9 sur leur site web.<\/p>\n\n\n\n<p><\/p>\n","protected":false},"excerpt":{"rendered":"<p>Qui sommes-nous&nbsp;? L\u2019adresse de notre site est&nbsp;: https:\/\/institutcleopatre.fr. Conform\u00e9ment aux dispositions des articles 6-III et 19 de la Loi n\u00b0 2004-575 du 21 juin 2004 pour la Confiance dans l&rsquo;\u00c9conomie Num\u00e9rique (LCEN), il est pr\u00e9cis\u00e9 aux utilisateurs du site les informations suivantes : 1. \u00c9diteur du site Institut Cl\u00e9op\u00e2treStatut : Affaire personnelle commer\u00e7antSIREN : 935 [&hellip;]<\/p>\n","protected":false},"author":1,"featured_media":0,"parent":0,"menu_order":0,"comment_status":"closed","ping_status":"closed","template":"","meta":{"_seopress_robots_primary_cat":"","_seopress_titles_title":"","_seopress_titles_desc":"","_seopress_robots_index":"","footnotes":""},"class_list":["post-71","page","type-page","status-publish","hentry"],"_links":{"self":[{"href":"https:\/\/institutcleopatre.fr\/index.php\/wp-json\/wp\/v2\/pages\/71","targetHints":{"allow":["GET"]}}],"collection":[{"href":"https:\/\/institutcleopatre.fr\/index.php\/wp-json\/wp\/v2\/pages"}],"about":[{"href":"https:\/\/institutcleopatre.fr\/index.php\/wp-json\/wp\/v2\/types\/page"}],"author":[{"embeddable":true,"href":"https:\/\/institutcleopatre.fr\/index.php\/wp-json\/wp\/v2\/users\/1"}],"replies":[{"embeddable":true,"href":"https:\/\/institutcleopatre.fr\/index.php\/wp-json\/wp\/v2\/comments?post=71"}],"version-history":[{"count":2,"href":"https:\/\/institutcleopatre.fr\/index.php\/wp-json\/wp\/v2\/pages\/71\/revisions"}],"predecessor-version":[{"id":74,"href":"https:\/\/institutcleopatre.fr\/index.php\/wp-json\/wp\/v2\/pages\/71\/revisions\/74"}],"wp:attachment":[{"href":"https:\/\/institutcleopatre.fr\/index.php\/wp-json\/wp\/v2\/media?parent=71"}],"curies":[{"name":"wp","href":"https:\/\/api.w.org\/{rel}","templated":true}]}}